{"id":20750,"date":"2022-10-17T00:39:47","date_gmt":"2022-10-16T22:39:47","guid":{"rendered":"https:\/\/www.anticabarbieriacolla.com\/?page_id=20750"},"modified":"2026-03-09T13:04:24","modified_gmt":"2026-03-09T12:04:24","slug":"deliveries","status":"publish","type":"page","link":"https:\/\/www.anticabarbieriacolla.com\/en\/deliveries\/","title":{"rendered":"Deliveries"},"content":{"rendered":"<p><em>Dear customers,<br \/>\nSince 1904, Antica Barbieria Colla has been imparting passion and dedication to the art of beard grooming and shaving, creating an experience that transcends a simple purchase. In a market driven by speed, we have chosen to focus on quality and authenticity, valuing every detail to offer you an unparalleled grooming ritual.<\/em><\/p>\n<p>Therefore, we have removed the threshold for free shipping, allowing us to invest more in the quality of our products and your experience. We understand that this decision represents a change, but our commitment remains to provide you with a service that aligns with your expectations and our long-standing tradition of craftsmanship.<\/p>\n<p>Additionally, every month you will find exclusive promotions that will make your beauty routine even more special.<\/p>\n<p>Our goal remains to offer you an authentic and unique grooming experience, made special by a handcrafted product that speaks of tradition and quality.<\/p>\n<p>Thank you for your continued support and for being part of our story.<\/p>\n<p>Sincerely,<br \/>\nAntica Barbieria Colla<\/p>\n<p>&#8212;<\/p>\n<p>For the shipment of Products purchased on our Site, we offer several delivery options, so you can choose the one that best suits your needs.<\/p>\n<p><strong><span style=\"font-size: 1.125em;\">Standard Delivery in Italy \u20ac 9.99- VAT excluded.<\/span><\/strong><\/p>\n<ul>\n<li>Service with delivery within 3-5 working days, unless otherwise communicated on the site itself.<\/li>\n<li>Deliveries are scheduled from Monday to Friday during working hours.<\/li>\n<li>Orders placed from Monday to Thursday are usually processed the day after purchase, while orders placed between Friday and Sunday may be processed on the Monday of the week following the weekend.<\/li>\n<li>Courier used <strong><strong>DHL<\/strong><\/strong>, with the exception of special cases, which shall be assessed on a case-by-case basis.<\/li>\n<\/ul>\n<div class=\"flex flex-col text-sm pb-25\">\n<article class=\"text-token-text-primary w-full focus:outline-none [--shadow-height:45px] has-data-writing-block:pointer-events-none has-data-writing-block:-mt-(--shadow-height) has-data-writing-block:pt-(--shadow-height) [&amp;:has([data-writing-block])&gt;*]:pointer-events-auto scroll-mt-[calc(var(--header-height)+min(200px,max(70px,20svh)))]\" dir=\"auto\" tabindex=\"-1\" data-turn-id=\"request-WEB:f9d00093-d37a-4868-9e18-38ef30bebc7e-0\" data-testid=\"conversation-turn-2\" data-scroll-anchor=\"true\" data-turn=\"assistant\">\n<div class=\"text-base my-auto mx-auto pb-10 [--thread-content-margin:--spacing(4)] @w-sm\/main:[--thread-content-margin:--spacing(6)] @w-lg\/main:[--thread-content-margin:--spacing(16)] px-(--thread-content-margin)\">\n<div class=\"[--thread-content-max-width:40rem] @w-lg\/main:[--thread-content-max-width:48rem] mx-auto max-w-(--thread-content-max-width) flex-1 group\/turn-messages focus-visible:outline-hidden relative flex w-full min-w-0 flex-col agent-turn\" tabindex=\"-1\">\n<div><\/div>\n<div class=\"z-0 flex min-h-[46px] justify-start\"><strong><span style=\"font-size: 1.125em;\">Standard Delivery in Europe \u20ac 17.99- VAT excluded.<\/span><\/strong><\/div>\n<\/div>\n<\/div>\n<\/article>\n<\/div>\n<ul>\n<li>Service with delivery within 5-7 working days, unless otherwise communicated on the site itself.<\/li>\n<li>Deliveries are scheduled from Monday to Friday during working hours.<\/li>\n<li>Orders placed from Monday to Thursday are usually processed the day after purchase, while orders placed between Friday and Sunday may be processed on the Monday of the week following the weekend.<\/li>\n<li>Courier used <strong><strong>DHL<\/strong><\/strong>, with the exception of special cases, which shall be assessed on a case-by-case basis.<\/li>\n<\/ul>\n<p><strong><span style=\"font-size: 1.125em;\">Standard Delivery in the USA and the rest of the world \u20ac 34.99- VAT excluded.<\/span><\/strong><\/p>\n<ul>\n<li>Service with delivery within 5-10 working days, unless otherwise communicated on the site itself.<\/li>\n<li>Deliveries are scheduled from Monday to Friday during working hours.<\/li>\n<li>Orders placed from Monday to Thursday are usually processed the day after purchase, while orders placed between Friday and Sunday may be processed on the Monday of the week following the weekend.<\/li>\n<li>Courier used <strong>DHL, <\/strong>with the exception of special cases, which shall be assessed on a case-by-case basis.<\/li>\n<\/ul>\n<p>Orders shipped to the <strong>United States of America<\/strong> may be subject to the application of customs duties, taxes, and import charges in accordance with the applicable regulations governing goods originating from the European Union.<\/p>\n<p>Such costs are generally estimated at approximately 15% of the total order value; however, this percentage is provided for indicative purposes only, as the actual amount levied by the competent customs authorities may be higher, without prior notice and without specific justification.<\/p>\n<p>Please also be advised that certain products packaged in aluminium, such as Black Fig Hair Gel, Extra Strong Fixing Hair Wax, Polishing &amp; Protective Beard Wax, Natural Bristle Shaving Brush and Shaving Bowl may be subject to additional customs charges.<\/p>\n<p>Antica Barbieria Colla exercises no control or decision-making authority with respect to the assessment, calculation, or collection of such duties and charges, which shall remain entirely the responsibility of the recipient of the shipment.<\/p>\n<p>In the event that delivery or shipment is refused for customs-related reasons, no refund of the order amount shall be issued under any circumstances.<\/p>\n<div class=\"text-base my-auto mx-auto [--thread-content-margin:--spacing(4)] @w-sm\/main:[--thread-content-margin:--spacing(6)] @w-lg\/main:[--thread-content-margin:--spacing(16)] px-(--thread-content-margin)\">\n<div class=\"[--thread-content-max-width:40rem] @w-lg\/main:[--thread-content-max-width:48rem] mx-auto max-w-(--thread-content-max-width) flex-1 group\/turn-messages focus-visible:outline-hidden relative flex w-full min-w-0 flex-col agent-turn\" tabindex=\"-1\">\n<div class=\"flex max-w-full flex-col grow\">\n<div class=\"min-h-8 text-message relative flex w-full flex-col items-end gap-2 text-start break-words whitespace-normal [.text-message+&amp;]:mt-1\" dir=\"auto\" data-message-author-role=\"assistant\" data-message-id=\"220efbe7-ba09-43b7-ad11-73e5155e5b27\" data-message-model-slug=\"gpt-5-2\">\n<div class=\"flex w-full flex-col gap-1 empty:hidden first:pt-[1px]\">\n<div class=\"markdown prose dark:prose-invert w-full wrap-break-word light markdown-new-styling\">\n<p data-start=\"0\" data-end=\"779\">Please be advised that, due to the current situation <strong>in the Middle East<\/strong>, deliveries are temporarily suspended to the following countries: <strong><span class=\"hover:entity-accent entity-underline inline cursor-pointer align-baseline\"><span class=\"whitespace-normal\">Saudi Arabia<\/span><\/span>, <span class=\"hover:entity-accent entity-underline inline cursor-pointer align-baseline\"><span class=\"whitespace-normal\">Bahrain<\/span><\/span>, <span class=\"hover:entity-accent entity-underline inline cursor-pointer align-baseline\"><span class=\"whitespace-normal\">United Arab Emirates<\/span><\/span>, <span class=\"hover:entity-accent entity-underline inline cursor-pointer align-baseline\"><span class=\"whitespace-normal\">Jordan<\/span><\/span>, <span class=\"hover:entity-accent entity-underline inline cursor-pointer align-baseline\"><span class=\"whitespace-normal\">Iraq<\/span><\/span>, <span class=\"hover:entity-accent entity-underline inline cursor-pointer align-baseline\"><span class=\"whitespace-normal\">Iran<\/span><\/span>, <span class=\"hover:entity-accent entity-underline inline cursor-pointer align-baseline\"><span class=\"whitespace-normal\">Israel<\/span><\/span>, <span class=\"hover:entity-accent entity-underline inline cursor-pointer align-baseline\"><span class=\"whitespace-normal\">Kuwait<\/span><\/span>, <span class=\"hover:entity-accent entity-underline inline cursor-pointer align-baseline\"><span class=\"whitespace-normal\">Lebanon<\/span><\/span>, <span class=\"hover:entity-accent entity-underline inline cursor-pointer align-baseline\"><span class=\"whitespace-normal\">Oman<\/span><\/span>, <span class=\"hover:entity-accent entity-underline inline cursor-pointer align-baseline\"><span class=\"whitespace-normal\">Palestine<\/span><\/span>, <span class=\"hover:entity-accent entity-underline inline cursor-pointer align-baseline\"><span class=\"whitespace-normal\">Qatar<\/span><\/span>, <span class=\"hover:entity-accent entity-underline inline cursor-pointer align-baseline\"><span class=\"whitespace-normal\">Syria, <\/span><\/span><span class=\"hover:entity-accent entity-underline inline cursor-pointer align-baseline\"><span class=\"whitespace-normal\">Yemen, Afghanistan, Pakistan, Cyprus and Turkey<\/span><\/span><\/strong>.<\/p>\n<p data-start=\"781\" data-end=\"1064\">This measure has been adopted in response to the ongoing regional circumstances and the resulting disruptions to air traffic and logistics operations. At present, we are unable to provide an estimated timeframe for the resumption of regular delivery services to these destinations.<\/p>\n<p data-start=\"1066\" data-end=\"1193\" data-is-last-node=\"\" data-is-only-node=\"\">We sincerely regret any inconvenience this temporary suspension may cause and appreciate your understanding during this period.<\/p>\n<\/div>\n<\/div>\n<\/div>\n<\/div>\n<div class=\"z-0 flex min-h-[46px] justify-start\"><\/div>\n<\/div>\n<\/div>\n<p><strong>We deliver worldwide, except Belize, Costa Rica, El Salvador, Guatemala, Honduras, Nicaragua, Panama, islands and archipelagos such as the Antilles, Anguilla, Aruba, Guadeloupe, Virgin Islands, Cayman Islands and Turks and Caicos, Argentina, Bolivia, Brazil, Chile, Colombia, Ecuador, French Guiana, Falkland Islands, Paraguay, Peru, Suriname, Uruguay, Venezuela, Angola, Benin, Botswana, Burkina Faso, Burundi, Cameroon, Cape Verde, Chad, Comoros, Ivory Coast, Eritrea, Ethiopia, Gabon, Gambia, Ghana, Djibouti, Guinea, Guinea-Bissau, Equatorial Guinea, Kenya, Lesotho, Liberia, Libya, Madagascar, Malawi, Mali, Mauritania, Mauritius, Mozambique, Namibia, Niger, Nigeria, Central African Republic, Republic of Congo, Democratic Republic of Congo, Rwanda, S\u00e3o Tom\u00e9 and Pr\u00edncipe, Senegal, Seychelles, Sierra Leone, Somalia, Sudan, South Sudan, Swaziland, Lobamba, Tanzania, Togo, Uganda, Zambia, Zimbabwe.<\/strong><\/p>\n<h3>Shipment Tracking:<\/h3>\n<p>You can track the shipment of your Products as soon as we send you a Shipping Confirmation email, through an automatic system update in which you will find the tracking number and the link to the relevant courier to monitor the situation. Please note that through the link you will access the courier&#8217;s website over which we have no control.<\/p>\n<h3>Important Information:<\/h3>\n<p>Our goal is to deliver within the specified terms above; however, delivery dates are not guaranteed as shipments are managed by third parties and are subject to the specific closing days of the couriers. It will not be possible to change the delivery address of orders after confirmation. If no one is present at the address provided to accept the delivery of the Products, the courier will leave a notice.<br \/>\nOwnership and risk of loss related to the Products will be transferred to you when you take possession of them.<br \/>\nAll Products are shipped from our warehouses in Italy.<br \/>\nAntica Barbieria Colla reserves the right to assess <strong>return requests<\/strong> on a case-by-case basis and to define directly with customers the most appropriate handling procedures.<\/p>\n","protected":false},"excerpt":{"rendered":"<p>Dear customers, Since 1904, Antica Barbieria Colla has been imparting passion and dedication to the art of beard grooming and&#8230;  <a class=\"excerpt-read-more\" href=\"https:\/\/www.anticabarbieriacolla.com\/en\/deliveries\/\" title=\"Read Deliveries\">Read more &raquo;<\/a><\/p>\n","protected":false},"author":1509,"featured_media":20891,"parent":0,"menu_order":0,"comment_status":"closed","ping_status":"closed","template":"page.php","meta":{"footnotes":""},"class_list":["post-20750","page","type-page","status-publish","has-post-thumbnail","hentry"],"yoast_head":"<!-- This site is optimized with the Yoast SEO plugin v27.4 - https:\/\/yoast.com\/product\/yoast-seo-wordpress\/ -->\n<title>Deliveries - Antica Barbieria Colla Shop<\/title>\n<meta name=\"description\" content=\"Shipping information and costs for products purchased on Antica Barbieria Colla website, for Italy, Europe and the rest of the world.\" \/>\n<meta name=\"robots\" content=\"index, follow, max-snippet:-1, max-image-preview:large, max-video-preview:-1\" \/>\n<link rel=\"canonical\" href=\"https:\/\/www.anticabarbieriacolla.com\/en\/deliveries\/\" \/>\n<meta property=\"og:locale\" content=\"en_US\" \/>\n<meta property=\"og:type\" content=\"article\" \/>\n<meta property=\"og:title\" content=\"Deliveries - Antica Barbieria Colla Shop\" \/>\n<meta property=\"og:description\" content=\"Shipping information and costs for products purchased on Antica Barbieria Colla website, for Italy, Europe and the rest of the world.\" \/>\n<meta property=\"og:url\" content=\"https:\/\/www.anticabarbieriacolla.com\/en\/deliveries\/\" \/>\n<meta property=\"og:site_name\" content=\"Antica Barbieria Colla Shop\" \/>\n<meta property=\"article:publisher\" content=\"https:\/\/www.facebook.com\/anticabarbieriacolla\/\" \/>\n<meta property=\"article:modified_time\" content=\"2026-03-09T12:04:24+00:00\" \/>\n<meta property=\"og:image\" content=\"https:\/\/www.anticabarbieriacolla.com\/wp-content\/uploads\/ABC-box.png\" \/>\n\t<meta property=\"og:image:width\" content=\"1500\" \/>\n\t<meta property=\"og:image:height\" content=\"746\" \/>\n\t<meta property=\"og:image:type\" content=\"image\/png\" \/>\n<meta name=\"twitter:card\" content=\"summary_large_image\" \/>\n<script type=\"application\/ld+json\" class=\"yoast-schema-graph\">{\"@context\":\"https:\\\/\\\/schema.org\",\"@graph\":[{\"@type\":\"WebPage\",\"@id\":\"https:\\\/\\\/www.anticabarbieriacolla.com\\\/en\\\/deliveries\\\/\",\"url\":\"https:\\\/\\\/www.anticabarbieriacolla.com\\\/en\\\/deliveries\\\/\",\"name\":\"Deliveries - Antica Barbieria Colla Shop\",\"isPartOf\":{\"@id\":\"https:\\\/\\\/www.anticabarbieriacolla.com\\\/en\\\/#website\"},\"primaryImageOfPage\":{\"@id\":\"https:\\\/\\\/www.anticabarbieriacolla.com\\\/en\\\/deliveries\\\/#primaryimage\"},\"image\":{\"@id\":\"https:\\\/\\\/www.anticabarbieriacolla.com\\\/en\\\/deliveries\\\/#primaryimage\"},\"thumbnailUrl\":\"https:\\\/\\\/www.anticabarbieriacolla.com\\\/wp-content\\\/uploads\\\/ABC-box.png\",\"datePublished\":\"2022-10-16T22:39:47+00:00\",\"dateModified\":\"2026-03-09T12:04:24+00:00\",\"description\":\"Shipping information and costs for products purchased on Antica Barbieria Colla website, for Italy, Europe and the rest of the world.\",\"breadcrumb\":{\"@id\":\"https:\\\/\\\/www.anticabarbieriacolla.com\\\/en\\\/deliveries\\\/#breadcrumb\"},\"inLanguage\":\"en-US\",\"potentialAction\":[{\"@type\":\"ReadAction\",\"target\":[\"https:\\\/\\\/www.anticabarbieriacolla.com\\\/en\\\/deliveries\\\/\"]}]},{\"@type\":\"ImageObject\",\"inLanguage\":\"en-US\",\"@id\":\"https:\\\/\\\/www.anticabarbieriacolla.com\\\/en\\\/deliveries\\\/#primaryimage\",\"url\":\"https:\\\/\\\/www.anticabarbieriacolla.com\\\/wp-content\\\/uploads\\\/ABC-box.png\",\"contentUrl\":\"https:\\\/\\\/www.anticabarbieriacolla.com\\\/wp-content\\\/uploads\\\/ABC-box.png\",\"width\":1500,\"height\":746,\"caption\":\"ABC box\"},{\"@type\":\"BreadcrumbList\",\"@id\":\"https:\\\/\\\/www.anticabarbieriacolla.com\\\/en\\\/deliveries\\\/#breadcrumb\",\"itemListElement\":[{\"@type\":\"ListItem\",\"position\":1,\"name\":\"Home\",\"item\":\"https:\\\/\\\/www.anticabarbieriacolla.com\\\/en\\\/\"},{\"@type\":\"ListItem\",\"position\":2,\"name\":\"Deliveries\"}]},{\"@type\":\"WebSite\",\"@id\":\"https:\\\/\\\/www.anticabarbieriacolla.com\\\/en\\\/#website\",\"url\":\"https:\\\/\\\/www.anticabarbieriacolla.com\\\/en\\\/\",\"name\":\"Antica Barbieria Colla Shop\",\"description\":\"di Franco Bompieri\",\"publisher\":{\"@id\":\"https:\\\/\\\/www.anticabarbieriacolla.com\\\/en\\\/#organization\"},\"potentialAction\":[{\"@type\":\"SearchAction\",\"target\":{\"@type\":\"EntryPoint\",\"urlTemplate\":\"https:\\\/\\\/www.anticabarbieriacolla.com\\\/en\\\/?s={search_term_string}\"},\"query-input\":{\"@type\":\"PropertyValueSpecification\",\"valueRequired\":true,\"valueName\":\"search_term_string\"}}],\"inLanguage\":\"en-US\"},{\"@type\":\"Organization\",\"@id\":\"https:\\\/\\\/www.anticabarbieriacolla.com\\\/en\\\/#organization\",\"name\":\"Antica Barbieria Colla\",\"url\":\"https:\\\/\\\/www.anticabarbieriacolla.com\\\/en\\\/\",\"logo\":{\"@type\":\"ImageObject\",\"inLanguage\":\"en-US\",\"@id\":\"https:\\\/\\\/www.anticabarbieriacolla.com\\\/en\\\/#\\\/schema\\\/logo\\\/image\\\/\",\"url\":\"https:\\\/\\\/www.anticabarbieriacolla.com\\\/wp-content\\\/uploads\\\/Antica-Barbieria-Colla-logo.png\",\"contentUrl\":\"https:\\\/\\\/www.anticabarbieriacolla.com\\\/wp-content\\\/uploads\\\/Antica-Barbieria-Colla-logo.png\",\"width\":1920,\"height\":243,\"caption\":\"Antica Barbieria Colla\"},\"image\":{\"@id\":\"https:\\\/\\\/www.anticabarbieriacolla.com\\\/en\\\/#\\\/schema\\\/logo\\\/image\\\/\"},\"sameAs\":[\"https:\\\/\\\/www.facebook.com\\\/anticabarbieriacolla\\\/\",\"https:\\\/\\\/www.instagram.com\\\/anticabarbieriacolla1904\\\/\",\"https:\\\/\\\/www.youtube.com\\\/channel\\\/UCXxp9KJN5VetAJvYspOYW-g\"]}]}<\/script>\n<!-- \/ Yoast SEO plugin. -->","yoast_head_json":{"title":"Deliveries - Antica Barbieria Colla Shop","description":"Shipping information and costs for products purchased on Antica Barbieria Colla website, for Italy, Europe and the rest of the world.","robots":{"index":"index","follow":"follow","max-snippet":"max-snippet:-1","max-image-preview":"max-image-preview:large","max-video-preview":"max-video-preview:-1"},"canonical":"https:\/\/www.anticabarbieriacolla.com\/en\/deliveries\/","og_locale":"en_US","og_type":"article","og_title":"Deliveries - Antica Barbieria Colla Shop","og_description":"Shipping information and costs for products purchased on Antica Barbieria Colla website, for Italy, Europe and the rest of the world.","og_url":"https:\/\/www.anticabarbieriacolla.com\/en\/deliveries\/","og_site_name":"Antica Barbieria Colla Shop","article_publisher":"https:\/\/www.facebook.com\/anticabarbieriacolla\/","article_modified_time":"2026-03-09T12:04:24+00:00","og_image":[{"width":1500,"height":746,"url":"https:\/\/www.anticabarbieriacolla.com\/wp-content\/uploads\/ABC-box.png","type":"image\/png"}],"twitter_card":"summary_large_image","schema":{"@context":"https:\/\/schema.org","@graph":[{"@type":"WebPage","@id":"https:\/\/www.anticabarbieriacolla.com\/en\/deliveries\/","url":"https:\/\/www.anticabarbieriacolla.com\/en\/deliveries\/","name":"Deliveries - Antica Barbieria Colla Shop","isPartOf":{"@id":"https:\/\/www.anticabarbieriacolla.com\/en\/#website"},"primaryImageOfPage":{"@id":"https:\/\/www.anticabarbieriacolla.com\/en\/deliveries\/#primaryimage"},"image":{"@id":"https:\/\/www.anticabarbieriacolla.com\/en\/deliveries\/#primaryimage"},"thumbnailUrl":"https:\/\/www.anticabarbieriacolla.com\/wp-content\/uploads\/ABC-box.png","datePublished":"2022-10-16T22:39:47+00:00","dateModified":"2026-03-09T12:04:24+00:00","description":"Shipping information and costs for products purchased on Antica Barbieria Colla website, for Italy, Europe and the rest of the world.","breadcrumb":{"@id":"https:\/\/www.anticabarbieriacolla.com\/en\/deliveries\/#breadcrumb"},"inLanguage":"en-US","potentialAction":[{"@type":"ReadAction","target":["https:\/\/www.anticabarbieriacolla.com\/en\/deliveries\/"]}]},{"@type":"ImageObject","inLanguage":"en-US","@id":"https:\/\/www.anticabarbieriacolla.com\/en\/deliveries\/#primaryimage","url":"https:\/\/www.anticabarbieriacolla.com\/wp-content\/uploads\/ABC-box.png","contentUrl":"https:\/\/www.anticabarbieriacolla.com\/wp-content\/uploads\/ABC-box.png","width":1500,"height":746,"caption":"ABC box"},{"@type":"BreadcrumbList","@id":"https:\/\/www.anticabarbieriacolla.com\/en\/deliveries\/#breadcrumb","itemListElement":[{"@type":"ListItem","position":1,"name":"Home","item":"https:\/\/www.anticabarbieriacolla.com\/en\/"},{"@type":"ListItem","position":2,"name":"Deliveries"}]},{"@type":"WebSite","@id":"https:\/\/www.anticabarbieriacolla.com\/en\/#website","url":"https:\/\/www.anticabarbieriacolla.com\/en\/","name":"Antica Barbieria Colla Shop","description":"di Franco Bompieri","publisher":{"@id":"https:\/\/www.anticabarbieriacolla.com\/en\/#organization"},"potentialAction":[{"@type":"SearchAction","target":{"@type":"EntryPoint","urlTemplate":"https:\/\/www.anticabarbieriacolla.com\/en\/?s={search_term_string}"},"query-input":{"@type":"PropertyValueSpecification","valueRequired":true,"valueName":"search_term_string"}}],"inLanguage":"en-US"},{"@type":"Organization","@id":"https:\/\/www.anticabarbieriacolla.com\/en\/#organization","name":"Antica Barbieria Colla","url":"https:\/\/www.anticabarbieriacolla.com\/en\/","logo":{"@type":"ImageObject","inLanguage":"en-US","@id":"https:\/\/www.anticabarbieriacolla.com\/en\/#\/schema\/logo\/image\/","url":"https:\/\/www.anticabarbieriacolla.com\/wp-content\/uploads\/Antica-Barbieria-Colla-logo.png","contentUrl":"https:\/\/www.anticabarbieriacolla.com\/wp-content\/uploads\/Antica-Barbieria-Colla-logo.png","width":1920,"height":243,"caption":"Antica Barbieria Colla"},"image":{"@id":"https:\/\/www.anticabarbieriacolla.com\/en\/#\/schema\/logo\/image\/"},"sameAs":["https:\/\/www.facebook.com\/anticabarbieriacolla\/","https:\/\/www.instagram.com\/anticabarbieriacolla1904\/","https:\/\/www.youtube.com\/channel\/UCXxp9KJN5VetAJvYspOYW-g"]}]}},"_links":{"self":[{"href":"https:\/\/www.anticabarbieriacolla.com\/en\/wp-json\/wp\/v2\/pages\/20750","targetHints":{"allow":["GET"]}}],"collection":[{"href":"https:\/\/www.anticabarbieriacolla.com\/en\/wp-json\/wp\/v2\/pages"}],"about":[{"href":"https:\/\/www.anticabarbieriacolla.com\/en\/wp-json\/wp\/v2\/types\/page"}],"author":[{"embeddable":true,"href":"https:\/\/www.anticabarbieriacolla.com\/en\/wp-json\/wp\/v2\/users\/1509"}],"replies":[{"embeddable":true,"href":"https:\/\/www.anticabarbieriacolla.com\/en\/wp-json\/wp\/v2\/comments?post=20750"}],"version-history":[{"count":25,"href":"https:\/\/www.anticabarbieriacolla.com\/en\/wp-json\/wp\/v2\/pages\/20750\/revisions"}],"predecessor-version":[{"id":39658,"href":"https:\/\/www.anticabarbieriacolla.com\/en\/wp-json\/wp\/v2\/pages\/20750\/revisions\/39658"}],"wp:featuredmedia":[{"embeddable":true,"href":"https:\/\/www.anticabarbieriacolla.com\/en\/wp-json\/wp\/v2\/media\/20891"}],"wp:attachment":[{"href":"https:\/\/www.anticabarbieriacolla.com\/en\/wp-json\/wp\/v2\/media?parent=20750"}],"curies":[{"name":"wp","href":"https:\/\/api.w.org\/{rel}","templated":true}]}}