{"id":3,"date":"2020-07-24T19:18:41","date_gmt":"2020-07-24T19:18:41","guid":{"rendered":"https:\/\/www.anticabarbieriacolla.com\/?page_id=3"},"modified":"2020-11-07T03:48:38","modified_gmt":"2020-11-07T02:48:38","slug":"privacy-policy","status":"publish","type":"page","link":"https:\/\/www.anticabarbieriacolla.com\/en\/privacy-policy\/","title":{"rendered":"Nota informativa sulla Privacy"},"content":{"rendered":"<section class=\"entry-content cf\">La presente informativa \u00e8 resa, anche ai sensi dell\u2019art. 13 del D. Lgs. 196\/2003 \u201cCodice in materia di protezione dei dati personali\u201d (di seguito, il\u00a0\u201c<b>Codice Privacy<\/b>\u201d) e degli artt. 13 e 14 del Regolamento (UE) 2016\/679 (di seguito \u201c<b>GDPR<\/b>\u201d), a coloro che si collegano al presente sito internet (il \u201c<b>Sito<\/b>\u201c) di titolarit\u00e0 di\u00a0<b>Antica Barbieria Colla srl<\/b>Essa ha lo scopo di descrivere il trattamento dei dati personali degli utenti che consultano il Sito e\/o che usufruiscono delle funzionalit\u00e0 e servizi resi accessibili attraverso il Sito stesso, quali a titolo meramente esemplificativo partecipazioni a concorsi e iniziative, acquisto on line di beni e servizi, partecipazioni a forum di discussione ecc.La presente informativa \u00e8 resa soltanto per il Sito e per gli ulteriori siti di titolarit\u00e0 di <b>Antica Barbieria Colla srl<\/b>\u00a0ma non anche per altri siti web di titolarit\u00e0 di terzi eventualmente consultati dagli utenti tramite appositi link.Si invitano gli utenti a leggere attentamente la presente informativa prima di inoltrare qualsiasi tipo di informazione personale e\/o compilare qualunque modulo elettronico presente sul Sito.<b>1. TIPOLOGIA DI DATI TRATTATI\r\n<\/b>\r\n<b>Antica Barbieria Colla srl<\/b> pu\u00f2 raccogliere alcuni dati, quali ad esempio informazioni aggregate durante la navigazione del Sito, User ID e password, nome, cognome, residenza, luogo e data di nascita, indirizzo email e\/o altri dati personali forniti volontariamente dagli utenti durante la fase di registrazione o in occasione della partecipazione a concorsi o iniziative ovvero in occasione della richiesta di beni o servizi o altre richieste inoltrate dall\u2019utente tramite il Sito.Il Sito \u00e8 accessibile agli utenti senza necessit\u00e0 di conferimento dei propri dati personali. Tuttavia, alcune parti del Sito sono accessibili esclusivamente a utenti registrati.\r\n\r\n<b>1.1 Dati di navigazione\r\n<\/b>\r\nI sistemi informatici e le procedure software preposte al funzionamento di questo Sito acquisiscono automaticamente, nel corso del loro normale esercizio, alcuni dati provenienti dal browser utilizzato che vengono poi trasmessi implicitamente nell\u2019uso dei protocolli di comunicazione Internet.\r\n\r\nRientrano in questa categoria di dati, ad esempio, gli indirizzi IP, i nomi a dominio dei computer utilizzati dagli utenti che si connettono al Sito, gli indirizzi in notazione URI (Uniform Resource Identifier) delle risorse richieste, la fascia oraria della richiesta al server, il metodo utilizzato nel sottoporre la richiesta al server, la dimensione del file ottenuto in risposta, il codice numerico indicante lo stato della risposta data dal server e altri parametri relativi al sistema operativo e all\u2019ambiente informatico dell\u2019utente.\r\n\r\nSi tratta di informazioni che, di base, non sono raccolte per essere associate a interessati identificati e che possono essere utilizzate da <b>Antica Barbieria Colla srl<\/b>\u00a0al fine di ricavare informazioni statistiche anonime sull\u2019uso del Sito e per controllarne il corretto funzionamento.\r\n\r\nTali informazioni potrebbero, inoltre, essere utilizzate per l\u2019accertamento di responsabilit\u00e0 in caso di ipotetici reati informatici ai danni del Sito.\r\n\r\n<b>1.2 Cookie\r\n<\/b>\r\nIl Sito utilizza i cookie. Al riguardo, si invitano gli utenti a leggere accuratamente la relativa <a href=\"https:\/\/www.anticabarbieriacolla.com\/policy-cookies\/\" rel=\"noopener\">cookie policy<\/a>\r\n\r\n<b>1.3 Dati personali forniti dagli utenti\r\n<\/b>\r\n<b>Antica Barbieria Colla srl\u00a0<\/b>raccoglie anche i dati personali inseriti dagli utenti nei form di registrazione o comunque volontariamente forniti dagli utenti stessi ad esempio per partecipare a concorsi o iniziative organizzate da <b>Antica Barbieria Colla srl<\/b>\u00a0ovvero per richiedere beni o servizi offerti tramite il Sito.\r\n\r\n<b>2. FINALIT\u00c0 DEL TRATTAMENTO\r\n<\/b>\r\nI dati personali degli utenti del Sito saranno trattati esclusivamente secondo le finalit\u00e0 e modalit\u00e0 di seguito descritte nella tabella che segue:\r\n<table>\r\n<tbody>\r\n<tr>\r\n<td><b>FINALIT\u00c0<\/b><\/td>\r\n<td><b>BASE GIURIDICA<\/b><\/td>\r\n<\/tr>\r\n<tr>\r\n<td>Fornire il bene e\/o il servizio richiesto dall\u2019utente, gestire i contratti perfezionati dall\u2019utente, espletare i relativi adempimenti amministrativi, contabili, fiscali e legali, nonch\u00e9 evadere le richieste inoltrate dall\u2019utente.<\/td>\r\n<td>I trattamenti posti in essere per queste finalit\u00e0 sono necessari per l\u2019adempimento di obblighi contrattuali e non necessitano di uno specifico consenso da parte dell\u2019interessato.<\/td>\r\n<\/tr>\r\n<tr>\r\n<td>Rilevare la sua esperienza d\u2019uso delle nostre piattaforme, dei prodotti e servizi che offriamo e assicurare il corretto funzionamento delle pagine web e dei loro contenuti.<\/td>\r\n<td>I trattamenti posti in essere per queste finalit\u00e0 si basano su un legittimo interesse del Titolare.<\/td>\r\n<\/tr>\r\n<tr>\r\n<td>Inviarle comunicazioni commerciali relative a promozioni e\/o offerte per le quali potrebbe aver diritto a beneficiare.<\/td>\r\n<td>I trattamenti posti in essere per queste finalit\u00e0 vengono effettuati con lo specifico consenso fornito dall\u2019utente.<\/td>\r\n<\/tr>\r\n<tr>\r\n<td>Svolgere attivit\u00e0 di profilazione ossia di analisi e elaborazione di informazioni relative all\u2019utente, alle sue preferenze, abitudini, scelte di consumo e\/o esperienze di navigazione. Tale attivit\u00e0 viene effettuata anche mediante l\u2019utilizzo di tecnologie quali i cookie (per maggiori informazioni si rimanda all\u2019<a href=\"https:\/\/www.anticabarbieriacolla.com\/policy-cookies\/\" rel=\"noopener\">Informativa estesa sui cookie<\/a>.<\/td>\r\n<td>I trattamenti posti in essere per queste finalit\u00e0 vengono effettuati con lo specifico consenso fornito dall\u2019utente.<\/td>\r\n<\/tr>\r\n<\/tbody>\r\n<\/table>\r\n<b>3. MODALIT\u00c0 DEL TRATTAMENTO\r\n<\/b>\r\nIl trattamento dei dati personali avverr\u00e0 nel pieno rispetto dei principi di riservatezza, correttezza, necessit\u00e0, pertinenza, liceit\u00e0 e trasparenza imposti dal GDPR.\r\n\r\nIl trattamento dei dati personali verr\u00e0 effettuato prevalentemente mediante l\u2019utilizzo di strumenti elettronici, in conformit\u00e0 con le disposizioni normative vigenti. Idonee misure di sicurezza saranno osservate per prevenire la perdita dei dati personali, usi illeciti o non corretti degli stessi ovvero accessi non autorizzati.\r\n\r\n<b>4. NATURA OBBLIGATORIA O FACOLTATIVA DEL CONFERIMENTO DEI DATI\r\n<\/b>\r\nIl conferimento da parte dell\u2019utente dei propri dati personali (come meglio individuati nel relativo form di raccolta dati con apposito asterisco) \u00e8 necessario \u2013 a seconda dei casi \u2013 per accedere alle aree riservate del Sito ovvero per partecipare all\u2019iniziativa\/concorso a cui l\u2019utente \u00e8 interessato ovvero per evadere richieste e domande dell\u2019utente o per fornirgli i beni e servizi domandati. Il mancato conferimento di tali dati impedisce, pertanto, all\u2019utente di accedere alle aree riservate del Sito o di partecipare all\u2019iniziativa\/concorso a cui \u00e8 interessato ovvero di ricevere le informazioni, i beni e\/o servizi richiesti.\r\n\r\nIl trattamento dei dati in questione, in quanto volto a evadere richieste dell\u2019interessato e\/o a concludere e dare esecuzione a contratti conclusi con lo stesso, non necessita dell\u2019espresso consenso dell\u2019utente.\r\n\r\nIl conferimento da parte dell\u2019utente dei dati personali per finalit\u00e0 di marketing e di profilazione \u00e8, invece, facoltativo e il relativo trattamento pu\u00f2 avvenire soltanto con l\u2019espresso consenso dell\u2019utente. Il mancato conferimento dei dati personali per tali finalit\u00e0 non impedisce all\u2019utente l\u2019accesso alle varie aree del Sito ovvero la partecipazione all\u2019iniziativa\/concorso a cui si \u00e8 interessati ovvero il ricevimento delle informazioni o la fornitura dei beni e\/o servizi richiesti.\r\n\r\n<b>5. AMBITO DI COMUNICAZIONE E DIFFUSIONE DEI DATI\r\n<\/b>\r\nPer il perseguimento delle finalit\u00e0 di cui al precedente punto 2 e nei limiti di quanto a ci\u00f2 strettamente necessario, i dati personali dell\u2019utente potranno essere portati a conoscenza di dipendenti, collaboratori e\/o agenti di <b>Antica Barbieria Colla srl<\/b>, all\u2019uopo nominati responsabili e\/o incaricati del trattamento, in ragione e nei limiti delle mansioni ed incarichi ai medesimi assegnati.\r\n\r\nPotranno, inoltre, venire a conoscenza dei dati personali dell\u2019utente i seguenti soggetti che svolgono attivit\u00e0 connesse, strumentali e\/o di supporto alle attivit\u00e0 di <b>Antica Barbieria Colla srl<\/b>\u00a0e a cui quest\u2019ultima potrebbe rivolgersi \u2013 previa nomina quali responsabili del trattamento \u2013 per l\u2019espletamento delle predette attivit\u00e0, nei limiti di quanto a ci\u00f2 strettamente necessario e nel rispetto delle finalit\u00e0 di cui al precedente punto 2:\r\n\r\n<b>(i)<\/b>\u00a0i gestori e amministratori del sistema informatico di cui <b>Antica Barbieria Colla srl<\/b>\u00a0si avvale;\r\n<b>(ii)<\/b>\u00a0i soggetti che svolgono attivit\u00e0 di gestione e\/o elaborazione dei data base di <b>Antica Barbieria Colla srl<\/b>;\r\n<b>(iii)<\/b>\u00a0i soggetti che svolgono attivit\u00e0 di raccolta degli ordini di acquisto di beni e servizi da parte degli utenti;\r\n<b>(iv)<\/b> i soggetti che svolgono attivit\u00e0 di assistenza e consulenza in favore di <b>Antica Barbieria Colla srl<\/b>\u00a0in materia amministrativa, contabile, fiscale e legale;\r\n<b>(v)<\/b> i soggetti che svolgono attivit\u00e0 di assistenza e consulenza in favore di <b>Antica Barbieria Colla srl<\/b>\u00a0in materia di marketing;\r\n<b>(vi)<\/b> i soggetti che svolgono in favore di <b>Antica Barbieria Colla srl<\/b>\u00a0attivit\u00e0 logistica, di spedizione e trasporto;\r\n<b>(vii)<\/b> i soggetti a cui la facolt\u00e0 di accedere ai dati personali dell\u2019utente \u00e8 riconosciuta da disposizioni di legge, regolamenti e\/o dalla normativa comunitaria.\r\n\r\nInformazioni pi\u00f9 dettagliate sui nominativi dei Responsabili del trattamento potranno essere richieste inviando una mail al seguente indirizzo: <a href=\"mailto:info@anticabarbieriacolla.it\">info@anticabarbieriacolla.it<\/a>.\u00a0I dati personali dell\u2019utente non saranno oggetto di diffusione.\r\n\r\n<b>6. TITOLARE E RESPONSABILE DEL TRATTAMENTO\r\n<\/b>\r\nTitolare del trattamento \u00e8 <b>Antica Barbieria Colla srl\u00a0<\/b>con sede legale in <strong>Via Altaguardia 2 &#8211;\u00a020135 Milano\u00a0<\/strong>\u00a0<span class=\"line-break\">\u2013 <\/span>P.IVA 09700400964\r\n\r\n<b>7. CONSERVAZIONE DEI DATI\r\n<\/b>\r\nLa informiamo che i dati da Lei forniti saranno trattati per tutta la durata del rapporto contrattuale tra di noi in essere e ulteriormente conservati esclusivamente per il periodo previsto per l\u2019adempimento di obblighi di legge, sempre che non risulti necessario conservarli ulteriormente per difendere o far valere un diritto o per adempiere a eventuali ulteriori obblighi di legge o ordini delle Autorit\u00e0.\r\n\r\n<b>8. I DIRITTI DEGLI INTERESSATI\r\n<\/b>\r\nIn relazione al trattamento dei suoi dati personali, ha diritto di chiedere a <b>Antica Barbieria Colla srl<\/b>:\r\n<ul>\r\n \t<li>l\u2019<b>accesso<\/b>: pu\u00f2 chiedere conferma che sia o meno in essere un trattamento di dati che la riguardano, oltre a maggiori chiarimenti circa le informazioni di cui alla presente Informativa, nonch\u00e9 di ricevere i dati stessi, nei limiti della ragionevolezza;<\/li>\r\n \t<li>la <b>rettifica<\/b>: pu\u00f2 chiedere di rettificare o integrare i dati che ci ha fornito o comunque in nostro possesso, qualora inesatti;<\/li>\r\n \t<li>la <b>cancellazione<\/b>: pu\u00f2 chiedere che i suoi dati acquisiti o trattati da <b>Antica Barbieria Colla srl<\/b>\u00a0 vengano cancellati, qualora non siano pi\u00f9 necessari alle nostre finalit\u00e0 o laddove non vi siano contestazioni o controversie in essere, in caso di revoca del consenso o sua opposizione al trattamento, in caso di trattamento illecito, ovvero qualora sussista un obbligo legale di cancellazione;<\/li>\r\n \t<li>la <b>limitazione<\/b>: pu\u00f2 chiedere la limitazione del trattamento dei suoi dati personali, quando ricorre una delle condizioni di cui all\u2019art. 18 del GDPR; in tal caso, i suoi dati non saranno trattati, salvo che per la conservazione, senza il suo consenso fatta eccezione per quanto esplicitato nel medesimo articolo al comma 2.<\/li>\r\n \t<li>l\u2019<b>opposizione<\/b>: pu\u00f2 opporsi in qualunque momento al trattamento dei suoi dati sulla base di un nostro legittimo interesse, salvo che vi siano nostri motivi legittimi per procedere al trattamento che prevalgano sui suoi, per esempio per l\u2019esercizio o la nostra difesa in sede giudiziaria; la sua opposizione prevarr\u00e0 sempre e comunque sul nostro interesse legittimo a trattare i suoi dati per finalit\u00e0 di marketing;<\/li>\r\n \t<li>la <b>portabilit\u00e0<\/b>: pu\u00f2 chiedere di ricevere i suoi dati, o di farli trasmettere ad altro titolare da lei indicato, in un formato strutturato, di uso comune e leggibile da dispositivo automatico.<\/li>\r\n<\/ul>\r\nInoltre, ai sensi dell\u2019art. 7, par. 3, GDPR, la informiamo che pu\u00f2 esercitare in qualsiasi momento il suo diritto di revoca del consenso, senza che venga pregiudicata la liceit\u00e0 del trattamento basata sul consenso prestato antecedentemente.\r\n\r\nLa informiamo che ha, altres\u00ec, diritto di proporre reclamo dinanzi all\u2019Autorit\u00e0 di Controllo, che in Italia \u00e8 il Garante per la Protezione dei Dati Personali.\r\n\r\nPer esercitare tali diritti, segnalare problemi o chiedere chiarimenti sul trattamento dei propri dati personali pu\u00f2 inviare una mail al seguente indirizzo: <a href=\"mailto:info@anticabarbieriacolla.it\">info@anticabarbieriacolla.it<\/a>.\r\n\r\nLe comunichiamo, infine, che \u00e8 possibile inoltrare le sue richieste anche via posta, scrivendo al Titolare del Trattamento, <b>Antica Barbieria Colla srl<\/b>\u00a0con sede legale in <strong>Via Altaguardia 2 &#8211;\u00a020135 Milano<\/strong>,\u00a0specificando l\u2019oggetto della richiesta.\r\n\r\n<\/section><!-- \/wp:post-content -->","protected":false},"excerpt":{"rendered":"<p>La presente informativa \u00e8 resa, anche ai sensi dell\u2019art. 13 del D. Lgs. 196\/2003 \u201cCodice in materia di protezione dei&#8230;  <a class=\"excerpt-read-more\" href=\"https:\/\/www.anticabarbieriacolla.com\/en\/privacy-policy\/\" title=\"Read Nota informativa sulla Privacy\">Read more &raquo;<\/a><\/p>\n","protected":false},"author":1509,"featured_media":160,"parent":0,"menu_order":0,"comment_status":"closed","ping_status":"open","template":"page-blank.php","meta":{"footnotes":""},"class_list":["post-3","page","type-page","status-publish","has-post-thumbnail","hentry"],"yoast_head":"<!-- This site is optimized with the Yoast SEO plugin v27.3 - https:\/\/yoast.com\/product\/yoast-seo-wordpress\/ -->\n<title>Nota informativa sulla Privacy - Antica Barbieria Colla Shop<\/title>\n<meta name=\"description\" content=\"La presente informativa \u00e8 resa, anche ai sensi dell\u2019art. 13 del D. Lgs. 196\/2003 \u201cCodice in materia di protezione dei dati personali\u201d (di seguito,\" \/>\n<meta name=\"robots\" content=\"index, follow, max-snippet:-1, max-image-preview:large, max-video-preview:-1\" \/>\n<link rel=\"canonical\" href=\"https:\/\/www.anticabarbieriacolla.com\/en\/privacy-policy\/\" \/>\n<meta property=\"og:locale\" content=\"en_US\" \/>\n<meta property=\"og:type\" content=\"article\" \/>\n<meta property=\"og:title\" content=\"Nota informativa sulla Privacy - Antica Barbieria Colla Shop\" \/>\n<meta property=\"og:description\" content=\"La presente informativa \u00e8 resa, anche ai sensi dell\u2019art. 13 del D. Lgs. 196\/2003 \u201cCodice in materia di protezione dei dati personali\u201d (di seguito,\" \/>\n<meta property=\"og:url\" content=\"https:\/\/www.anticabarbieriacolla.com\/en\/privacy-policy\/\" \/>\n<meta property=\"og:site_name\" content=\"Antica Barbieria Colla Shop\" \/>\n<meta property=\"article:publisher\" content=\"https:\/\/www.facebook.com\/anticabarbieriacolla\/\" \/>\n<meta property=\"article:modified_time\" content=\"2020-11-07T02:48:38+00:00\" \/>\n<meta property=\"og:image\" content=\"https:\/\/www.anticabarbieriacolla.com\/wp-content\/uploads\/Home_D_Produzione-scaled.jpg\" \/>\n\t<meta property=\"og:image:width\" content=\"2560\" \/>\n\t<meta property=\"og:image:height\" content=\"1706\" \/>\n\t<meta property=\"og:image:type\" content=\"image\/jpeg\" \/>\n<meta name=\"twitter:card\" content=\"summary_large_image\" \/>\n<script type=\"application\/ld+json\" class=\"yoast-schema-graph\">{\"@context\":\"https:\\\/\\\/schema.org\",\"@graph\":[{\"@type\":\"WebPage\",\"@id\":\"https:\\\/\\\/www.anticabarbieriacolla.com\\\/en\\\/privacy-policy\\\/\",\"url\":\"https:\\\/\\\/www.anticabarbieriacolla.com\\\/en\\\/privacy-policy\\\/\",\"name\":\"Nota informativa sulla Privacy - Antica Barbieria Colla Shop\",\"isPartOf\":{\"@id\":\"https:\\\/\\\/www.anticabarbieriacolla.com\\\/en\\\/#website\"},\"primaryImageOfPage\":{\"@id\":\"https:\\\/\\\/www.anticabarbieriacolla.com\\\/en\\\/privacy-policy\\\/#primaryimage\"},\"image\":{\"@id\":\"https:\\\/\\\/www.anticabarbieriacolla.com\\\/en\\\/privacy-policy\\\/#primaryimage\"},\"thumbnailUrl\":\"https:\\\/\\\/www.anticabarbieriacolla.com\\\/wp-content\\\/uploads\\\/Home_D_Produzione-scaled.jpg\",\"datePublished\":\"2020-07-24T19:18:41+00:00\",\"dateModified\":\"2020-11-07T02:48:38+00:00\",\"description\":\"La presente informativa \u00e8 resa, anche ai sensi dell\u2019art. 13 del D. Lgs. 196\\\/2003 \u201cCodice in materia di protezione dei dati personali\u201d (di seguito,\",\"breadcrumb\":{\"@id\":\"https:\\\/\\\/www.anticabarbieriacolla.com\\\/en\\\/privacy-policy\\\/#breadcrumb\"},\"inLanguage\":\"en-US\",\"potentialAction\":[{\"@type\":\"ReadAction\",\"target\":[\"https:\\\/\\\/www.anticabarbieriacolla.com\\\/en\\\/privacy-policy\\\/\"]}]},{\"@type\":\"ImageObject\",\"inLanguage\":\"en-US\",\"@id\":\"https:\\\/\\\/www.anticabarbieriacolla.com\\\/en\\\/privacy-policy\\\/#primaryimage\",\"url\":\"https:\\\/\\\/www.anticabarbieriacolla.com\\\/wp-content\\\/uploads\\\/Home_D_Produzione-scaled.jpg\",\"contentUrl\":\"https:\\\/\\\/www.anticabarbieriacolla.com\\\/wp-content\\\/uploads\\\/Home_D_Produzione-scaled.jpg\",\"width\":2560,\"height\":1706},{\"@type\":\"BreadcrumbList\",\"@id\":\"https:\\\/\\\/www.anticabarbieriacolla.com\\\/en\\\/privacy-policy\\\/#breadcrumb\",\"itemListElement\":[{\"@type\":\"ListItem\",\"position\":1,\"name\":\"Home\",\"item\":\"https:\\\/\\\/www.anticabarbieriacolla.com\\\/en\\\/\"},{\"@type\":\"ListItem\",\"position\":2,\"name\":\"Nota informativa sulla Privacy\"}]},{\"@type\":\"WebSite\",\"@id\":\"https:\\\/\\\/www.anticabarbieriacolla.com\\\/en\\\/#website\",\"url\":\"https:\\\/\\\/www.anticabarbieriacolla.com\\\/en\\\/\",\"name\":\"Antica Barbieria Colla Shop\",\"description\":\"di Franco Bompieri\",\"publisher\":{\"@id\":\"https:\\\/\\\/www.anticabarbieriacolla.com\\\/en\\\/#organization\"},\"potentialAction\":[{\"@type\":\"SearchAction\",\"target\":{\"@type\":\"EntryPoint\",\"urlTemplate\":\"https:\\\/\\\/www.anticabarbieriacolla.com\\\/en\\\/?s={search_term_string}\"},\"query-input\":{\"@type\":\"PropertyValueSpecification\",\"valueRequired\":true,\"valueName\":\"search_term_string\"}}],\"inLanguage\":\"en-US\"},{\"@type\":\"Organization\",\"@id\":\"https:\\\/\\\/www.anticabarbieriacolla.com\\\/en\\\/#organization\",\"name\":\"Antica Barbieria Colla\",\"url\":\"https:\\\/\\\/www.anticabarbieriacolla.com\\\/en\\\/\",\"logo\":{\"@type\":\"ImageObject\",\"inLanguage\":\"en-US\",\"@id\":\"https:\\\/\\\/www.anticabarbieriacolla.com\\\/en\\\/#\\\/schema\\\/logo\\\/image\\\/\",\"url\":\"https:\\\/\\\/www.anticabarbieriacolla.com\\\/wp-content\\\/uploads\\\/Antica-Barbieria-Colla-logo.png\",\"contentUrl\":\"https:\\\/\\\/www.anticabarbieriacolla.com\\\/wp-content\\\/uploads\\\/Antica-Barbieria-Colla-logo.png\",\"width\":1920,\"height\":243,\"caption\":\"Antica Barbieria Colla\"},\"image\":{\"@id\":\"https:\\\/\\\/www.anticabarbieriacolla.com\\\/en\\\/#\\\/schema\\\/logo\\\/image\\\/\"},\"sameAs\":[\"https:\\\/\\\/www.facebook.com\\\/anticabarbieriacolla\\\/\",\"https:\\\/\\\/www.instagram.com\\\/anticabarbieriacolla1904\\\/\",\"https:\\\/\\\/www.youtube.com\\\/channel\\\/UCXxp9KJN5VetAJvYspOYW-g\"]}]}<\/script>\n<!-- \/ Yoast SEO plugin. -->","yoast_head_json":{"title":"Nota informativa sulla Privacy - Antica Barbieria Colla Shop","description":"La presente informativa \u00e8 resa, anche ai sensi dell\u2019art. 13 del D. Lgs. 196\/2003 \u201cCodice in materia di protezione dei dati personali\u201d (di seguito,","robots":{"index":"index","follow":"follow","max-snippet":"max-snippet:-1","max-image-preview":"max-image-preview:large","max-video-preview":"max-video-preview:-1"},"canonical":"https:\/\/www.anticabarbieriacolla.com\/en\/privacy-policy\/","og_locale":"en_US","og_type":"article","og_title":"Nota informativa sulla Privacy - Antica Barbieria Colla Shop","og_description":"La presente informativa \u00e8 resa, anche ai sensi dell\u2019art. 13 del D. Lgs. 196\/2003 \u201cCodice in materia di protezione dei dati personali\u201d (di seguito,","og_url":"https:\/\/www.anticabarbieriacolla.com\/en\/privacy-policy\/","og_site_name":"Antica Barbieria Colla Shop","article_publisher":"https:\/\/www.facebook.com\/anticabarbieriacolla\/","article_modified_time":"2020-11-07T02:48:38+00:00","og_image":[{"width":2560,"height":1706,"url":"https:\/\/www.anticabarbieriacolla.com\/wp-content\/uploads\/Home_D_Produzione-scaled.jpg","type":"image\/jpeg"}],"twitter_card":"summary_large_image","schema":{"@context":"https:\/\/schema.org","@graph":[{"@type":"WebPage","@id":"https:\/\/www.anticabarbieriacolla.com\/en\/privacy-policy\/","url":"https:\/\/www.anticabarbieriacolla.com\/en\/privacy-policy\/","name":"Nota informativa sulla Privacy - Antica Barbieria Colla Shop","isPartOf":{"@id":"https:\/\/www.anticabarbieriacolla.com\/en\/#website"},"primaryImageOfPage":{"@id":"https:\/\/www.anticabarbieriacolla.com\/en\/privacy-policy\/#primaryimage"},"image":{"@id":"https:\/\/www.anticabarbieriacolla.com\/en\/privacy-policy\/#primaryimage"},"thumbnailUrl":"https:\/\/www.anticabarbieriacolla.com\/wp-content\/uploads\/Home_D_Produzione-scaled.jpg","datePublished":"2020-07-24T19:18:41+00:00","dateModified":"2020-11-07T02:48:38+00:00","description":"La presente informativa \u00e8 resa, anche ai sensi dell\u2019art. 13 del D. Lgs. 196\/2003 \u201cCodice in materia di protezione dei dati personali\u201d (di seguito,","breadcrumb":{"@id":"https:\/\/www.anticabarbieriacolla.com\/en\/privacy-policy\/#breadcrumb"},"inLanguage":"en-US","potentialAction":[{"@type":"ReadAction","target":["https:\/\/www.anticabarbieriacolla.com\/en\/privacy-policy\/"]}]},{"@type":"ImageObject","inLanguage":"en-US","@id":"https:\/\/www.anticabarbieriacolla.com\/en\/privacy-policy\/#primaryimage","url":"https:\/\/www.anticabarbieriacolla.com\/wp-content\/uploads\/Home_D_Produzione-scaled.jpg","contentUrl":"https:\/\/www.anticabarbieriacolla.com\/wp-content\/uploads\/Home_D_Produzione-scaled.jpg","width":2560,"height":1706},{"@type":"BreadcrumbList","@id":"https:\/\/www.anticabarbieriacolla.com\/en\/privacy-policy\/#breadcrumb","itemListElement":[{"@type":"ListItem","position":1,"name":"Home","item":"https:\/\/www.anticabarbieriacolla.com\/en\/"},{"@type":"ListItem","position":2,"name":"Nota informativa sulla Privacy"}]},{"@type":"WebSite","@id":"https:\/\/www.anticabarbieriacolla.com\/en\/#website","url":"https:\/\/www.anticabarbieriacolla.com\/en\/","name":"Antica Barbieria Colla Shop","description":"di Franco Bompieri","publisher":{"@id":"https:\/\/www.anticabarbieriacolla.com\/en\/#organization"},"potentialAction":[{"@type":"SearchAction","target":{"@type":"EntryPoint","urlTemplate":"https:\/\/www.anticabarbieriacolla.com\/en\/?s={search_term_string}"},"query-input":{"@type":"PropertyValueSpecification","valueRequired":true,"valueName":"search_term_string"}}],"inLanguage":"en-US"},{"@type":"Organization","@id":"https:\/\/www.anticabarbieriacolla.com\/en\/#organization","name":"Antica Barbieria Colla","url":"https:\/\/www.anticabarbieriacolla.com\/en\/","logo":{"@type":"ImageObject","inLanguage":"en-US","@id":"https:\/\/www.anticabarbieriacolla.com\/en\/#\/schema\/logo\/image\/","url":"https:\/\/www.anticabarbieriacolla.com\/wp-content\/uploads\/Antica-Barbieria-Colla-logo.png","contentUrl":"https:\/\/www.anticabarbieriacolla.com\/wp-content\/uploads\/Antica-Barbieria-Colla-logo.png","width":1920,"height":243,"caption":"Antica Barbieria Colla"},"image":{"@id":"https:\/\/www.anticabarbieriacolla.com\/en\/#\/schema\/logo\/image\/"},"sameAs":["https:\/\/www.facebook.com\/anticabarbieriacolla\/","https:\/\/www.instagram.com\/anticabarbieriacolla1904\/","https:\/\/www.youtube.com\/channel\/UCXxp9KJN5VetAJvYspOYW-g"]}]}},"_links":{"self":[{"href":"https:\/\/www.anticabarbieriacolla.com\/en\/wp-json\/wp\/v2\/pages\/3","targetHints":{"allow":["GET"]}}],"collection":[{"href":"https:\/\/www.anticabarbieriacolla.com\/en\/wp-json\/wp\/v2\/pages"}],"about":[{"href":"https:\/\/www.anticabarbieriacolla.com\/en\/wp-json\/wp\/v2\/types\/page"}],"author":[{"embeddable":true,"href":"https:\/\/www.anticabarbieriacolla.com\/en\/wp-json\/wp\/v2\/users\/1509"}],"replies":[{"embeddable":true,"href":"https:\/\/www.anticabarbieriacolla.com\/en\/wp-json\/wp\/v2\/comments?post=3"}],"version-history":[{"count":0,"href":"https:\/\/www.anticabarbieriacolla.com\/en\/wp-json\/wp\/v2\/pages\/3\/revisions"}],"wp:featuredmedia":[{"embeddable":true,"href":"https:\/\/www.anticabarbieriacolla.com\/en\/wp-json\/wp\/v2\/media\/160"}],"wp:attachment":[{"href":"https:\/\/www.anticabarbieriacolla.com\/en\/wp-json\/wp\/v2\/media?parent=3"}],"curies":[{"name":"wp","href":"https:\/\/api.w.org\/{rel}","templated":true}]}}